{"id":12515,"date":"2022-01-26T00:08:53","date_gmt":"2022-01-26T06:08:53","guid":{"rendered":"https:\/\/beachpleasemexico.com\/?page_id=12515"},"modified":"2022-05-20T16:24:07","modified_gmt":"2022-05-20T22:24:07","slug":"motors","status":"publish","type":"page","link":"https:\/\/beachpleasemexico.com\/es\/motors\/","title":{"rendered":"Motores Beach Please"},"content":{"rendered":"<section class=\"wp-block-uagb-section uagb-section__wrap uagb-section__background-image alignfull uagb-block-5b2b338e\"><div class=\"uagb-section__overlay\"><\/div><div class=\"uagb-section__inner-wrap\">\n<h1 class=\"has-text-align-center has-text-color wp-block-heading\" id=\"beach-please-motors\" style=\"color:#ffffff\">Motores Beach Please<\/h1>\n\n\n\n<p class=\"has-text-align-center has-ast-global-color-5-color has-text-color\">Renta de Motos y Scooters en Riviera Nayarit: Bucerias, Nuevo Vallarta, Sayulita y San Pancho<\/p>\n<\/div><\/section>\n\n\n\n<section class=\"wp-block-uagb-section uagb-section__wrap uagb-section__background-color uagb-block-7d7df488\"><div class=\"uagb-section__overlay\"><\/div><div class=\"uagb-section__inner-wrap\">\n<div style=\"height:50px\" aria-hidden=\"true\" class=\"wp-block-spacer\"><\/div>\n\n\n\n<h2 class=\"wp-block-heading\" id=\"what-s-included-in-my-rental\">\u00bfQu\u00e9 est\u00e1 incluido en mi alquiler?<\/h2>\n\n\n\n<p>Todo nuestro <a href=\"https:\/\/www.facebook.com\/beachpleasemotors\/\">alquiler de motos y scooters<\/a> se atienden con los m\u00e1s altos est\u00e1ndares y revisamos una lista de verificaci\u00f3n detallada antes de cada alquiler. Cada alquiler de carrito de golf, scooter y motocicleta incluye lo siguiente:<\/p>\n\n\n\n<ul class=\"wp-block-list\"><li>Asignaci\u00f3n ilimitada de kilometraje.<\/li><li><span style=\"font-size: 1rem;\">1-2 cascos (aprobados por DOT).<\/span><\/li><li>El seguro de responsabilidad civil est\u00e1 incluido sin cargo adicional.<\/li><li>Nuestra <a href=\"https:\/\/beachpleasemexico.com\/es\/motorcycle-routes\/\">mapa personalizado<\/a> con todas nuestras rutas favoritas de la zona.<\/li><li>Precios transparentes con IMPUESTOS INCLUIDOS y sin cargos ocultos.<\/li><li>Soporte y asistencia para cualquier emergencia.<\/li><li>Descuentos a largo plazo disponibles (4 semanas o m\u00e1s).<\/li><\/ul>\n\n\n\n<h3 class=\"wp-block-heading\" id=\"requirements-for-motorcycle-rentals\">Requisitos para Alquiler de Motos<\/h3>\n\n\n\n<ul class=\"wp-block-list\"><li>Una licencia de conducir de M\u00e9xico, EE. UU. o Canad\u00e1.<\/li><li>Copia de pasaporte.<\/li><li>El conductor debe tener 25 a\u00f1os o m\u00e1s.<\/li><li>Una tarjeta de cr\u00e9dito para el dep\u00f3sito de seguridad.<\/li><\/ul>\n\n\n\n<h3 class=\"wp-block-heading\" id=\"rental-add-ons\">Complementos de alquiler<\/h3>\n\n\n\n<ul class=\"wp-block-list\"><li><span style=\"font-size: 1rem;\">Cascos integrales de primera calidad<\/span>.<\/li><li>Equipo de seguridad y chaqueta protectora con chaleco antibalas.<\/li><li>Seguro m\u00e9dico (hasta $20,000 MXN).<\/li><li>Asistencia en carretera de emergencia premium.<\/li><\/ul>\n\n\n\n<h2 class=\"wp-block-heading\" id=\"locations\">Ubicaciones<\/h2>\n\n\n\n<p>Haga clic en su lugar de recogida para ver los precios:<\/p>\n\n\n\n<div class=\"wp-block-media-text alignwide is-stacked-on-mobile is-vertically-aligned-center is-image-fill\"><figure class=\"wp-block-media-text__media\" style=\"background-image:url(https:\/\/beachpleasemexico.com\/wp-content\/uploads\/2021\/12\/Bucerias-streets-1-1024x683.jpg);background-position:50% 50%\"><img loading=\"lazy\" decoding=\"async\" width=\"1024\" height=\"683\" src=\"https:\/\/beachpleasemexico.com\/wp-content\/uploads\/2021\/12\/Bucerias-streets-1-1024x683.jpg\" alt=\"\" class=\"wp-image-11967 size-full\" srcset=\"https:\/\/beachpleasemexico.com\/wp-content\/uploads\/2021\/12\/Bucerias-streets-1-1024x683.jpg 1024w, https:\/\/beachpleasemexico.com\/wp-content\/uploads\/2021\/12\/Bucerias-streets-1-300x200.jpg 300w, https:\/\/beachpleasemexico.com\/wp-content\/uploads\/2021\/12\/Bucerias-streets-1-768x512.jpg 768w, https:\/\/beachpleasemexico.com\/wp-content\/uploads\/2021\/12\/Bucerias-streets-1-18x12.jpg 18w, https:\/\/beachpleasemexico.com\/wp-content\/uploads\/2021\/12\/Bucerias-streets-1.jpg 1900w\" sizes=\"auto, (max-width: 1024px) 100vw, 1024px\" \/><\/figure><div class=\"wp-block-media-text__content\">\n<div style=\"height:30px\" aria-hidden=\"true\" class=\"wp-block-spacer\"><\/div>\n\n\n\n<h2 class=\"wp-block-heading\" id=\"bucerias-nuevo-vallarta-1\">Bucer\u00edas \/ Nuevo Vallarta<\/h2>\n\n\n\n<div class=\"wp-block-button alignleft is-style-fill\"><a class=\"wp-block-button__link has-text-color has-background\" href=\"https:\/\/beachpleasemexico.com\/es\/motorcycle-golf-cart-bucerias-nvo-vallarta\/\" style=\"background-color:#fb2056;color:#ffffff\">Ver precios y disponibilidad<\/a><\/div>\n\n\n\n<div style=\"height:50px\" aria-hidden=\"true\" class=\"wp-block-spacer\"><\/div>\n<\/div><\/div>\n\n\n\n<div style=\"height:30px\" aria-hidden=\"true\" class=\"wp-block-spacer\"><\/div>\n\n\n\n<div class=\"wp-block-media-text alignwide is-stacked-on-mobile is-vertically-aligned-center is-image-fill\"><figure class=\"wp-block-media-text__media\" style=\"background-image:url(https:\/\/beachpleasemexico.com\/wp-content\/uploads\/2020\/11\/Hike-Monkey-Mountain-Trail-Nayarit-2-1024x768.jpeg);background-position:50% 50%\"><img loading=\"lazy\" decoding=\"async\" width=\"1024\" height=\"768\" src=\"https:\/\/beachpleasemexico.com\/wp-content\/uploads\/2020\/11\/Hike-Monkey-Mountain-Trail-Nayarit-2-1024x768.jpeg\" alt=\"\" class=\"wp-image-4448 size-full\" srcset=\"https:\/\/beachpleasemexico.com\/wp-content\/uploads\/2020\/11\/Hike-Monkey-Mountain-Trail-Nayarit-2-1024x768.jpeg 1024w, https:\/\/beachpleasemexico.com\/wp-content\/uploads\/2020\/11\/Hike-Monkey-Mountain-Trail-Nayarit-2-300x225.jpeg 300w, https:\/\/beachpleasemexico.com\/wp-content\/uploads\/2020\/11\/Hike-Monkey-Mountain-Trail-Nayarit-2-768x576.jpeg 768w, https:\/\/beachpleasemexico.com\/wp-content\/uploads\/2020\/11\/Hike-Monkey-Mountain-Trail-Nayarit-2.jpeg 2048w\" sizes=\"auto, (max-width: 1024px) 100vw, 1024px\" \/><\/figure><div class=\"wp-block-media-text__content\">\n<div style=\"height:30px\" aria-hidden=\"true\" class=\"wp-block-spacer\"><\/div>\n\n\n\n<h2 class=\"wp-block-heading\" id=\"sayulita-san-pancho-1\">Sayulita \/ San Pancho<\/h2>\n\n\n\n<div class=\"wp-block-button alignleft is-style-fill\"><a class=\"wp-block-button__link has-text-color has-background\" href=\"https:\/\/beachpleasemexico.com\/es\/motorcycle-golf-cart-rentals-in-sayulita\/\" style=\"background-color:#fb2056;color:#ffffff\">Ver precios y disponibilidad<\/a><\/div>\n\n\n\n<div style=\"height:50px\" aria-hidden=\"true\" class=\"wp-block-spacer\"><\/div>\n\n\n\n<p><\/p>\n<\/div><\/div>\n\n\n\n<div style=\"height:30px\" aria-hidden=\"true\" class=\"wp-block-spacer\"><\/div>\n\n\n\n<div class=\"wp-block-media-text alignwide is-stacked-on-mobile is-vertically-aligned-center is-image-fill\"><figure class=\"wp-block-media-text__media\" style=\"background-image:url(https:\/\/beachpleasemexico.com\/wp-content\/uploads\/2021\/07\/Best-hikes-and-beaches-puerto-vallarta-25-1024x768.jpg);background-position:50% 50%\"><img loading=\"lazy\" decoding=\"async\" width=\"1024\" height=\"768\" src=\"https:\/\/beachpleasemexico.com\/wp-content\/uploads\/2021\/07\/Best-hikes-and-beaches-puerto-vallarta-25-1024x768.jpg\" alt=\"\" class=\"wp-image-9441 size-full\" srcset=\"https:\/\/beachpleasemexico.com\/wp-content\/uploads\/2021\/07\/Best-hikes-and-beaches-puerto-vallarta-25-1024x768.jpg 1024w, https:\/\/beachpleasemexico.com\/wp-content\/uploads\/2021\/07\/Best-hikes-and-beaches-puerto-vallarta-25-300x225.jpg 300w, https:\/\/beachpleasemexico.com\/wp-content\/uploads\/2021\/07\/Best-hikes-and-beaches-puerto-vallarta-25-768x576.jpg 768w, https:\/\/beachpleasemexico.com\/wp-content\/uploads\/2021\/07\/Best-hikes-and-beaches-puerto-vallarta-25-16x12.jpg 16w, https:\/\/beachpleasemexico.com\/wp-content\/uploads\/2021\/07\/Best-hikes-and-beaches-puerto-vallarta-25.jpg 1920w\" sizes=\"auto, (max-width: 1024px) 100vw, 1024px\" \/><\/figure><div class=\"wp-block-media-text__content\">\n<div style=\"height:30px\" aria-hidden=\"true\" class=\"wp-block-spacer\"><\/div>\n\n\n\n<h2 class=\"wp-block-heading\" id=\"puerto-vallarta\">Puerto Vallarta<\/h2>\n\n\n\n<div class=\"wp-block-button alignleft is-style-fill\"><a class=\"wp-block-button__link has-text-color has-background\" href=\"https:\/\/beachpleasemexico.com\/es\/motorcycle-scooter-rentals-in-puerto-vallarta\/\" style=\"background-color:#fb2056;color:#ffffff\">Ver precios y disponibilidad<\/a><\/div>\n\n\n\n<div style=\"height:50px\" aria-hidden=\"true\" class=\"wp-block-spacer\"><\/div>\n<\/div><\/div>\n\n\n\n<div style=\"height:50px\" aria-hidden=\"true\" class=\"wp-block-spacer\"><\/div>\n<\/div><\/section>","protected":false},"excerpt":{"rendered":"","protected":false},"author":1,"featured_media":0,"parent":0,"menu_order":0,"comment_status":"closed","ping_status":"closed","template":"","meta":{"_uag_custom_page_level_css":"","_monsterinsights_skip_tracking":false,"_monsterinsights_sitenote_active":false,"_monsterinsights_sitenote_note":"","_monsterinsights_sitenote_category":0,"site-sidebar-layout":"default","site-content-layout":"","ast-site-content-layout":"default","site-content-style":"default","site-sidebar-style":"default","ast-global-header-display":"","ast-banner-title-visibility":"","ast-main-header-display":"","ast-hfb-above-header-display":"","ast-hfb-below-header-display":"","ast-hfb-mobile-header-display":"","site-post-title":"disabled","ast-breadcrumbs-content":"","ast-featured-img":"disabled","footer-sml-layout":"","ast-disable-related-posts":"","theme-transparent-header-meta":"enabled","adv-header-id-meta":"","stick-header-meta":"","header-above-stick-meta":"","header-main-stick-meta":"","header-below-stick-meta":"","astra-migrate-meta-layouts":"default","ast-page-background-enabled":"default","ast-page-background-meta":{"desktop":{"background-color":"","background-image":"","background-repeat":"repeat","background-position":"center center","background-size":"auto","background-attachment":"scroll","background-type":"","background-media":"","overlay-type":"","overlay-color":"","overlay-opacity":"","overlay-gradient":""},"tablet":{"background-color":"","background-image":"","background-repeat":"repeat","background-position":"center center","background-size":"auto","background-attachment":"scroll","background-type":"","background-media":"","overlay-type":"","overlay-color":"","overlay-opacity":"","overlay-gradient":""},"mobile":{"background-color":"","background-image":"","background-repeat":"repeat","background-position":"center center","background-size":"auto","background-attachment":"scroll","background-type":"","background-media":"","overlay-type":"","overlay-color":"","overlay-opacity":"","overlay-gradient":""}},"ast-content-background-meta":{"desktop":{"background-color":"var(--ast-global-color-5)","background-image":"","background-repeat":"repeat","background-position":"center center","background-size":"auto","background-attachment":"scroll","background-type":"","background-media":"","overlay-type":"","overlay-color":"","overlay-opacity":"","overlay-gradient":""},"tablet":{"background-color":"var(--ast-global-color-5)","background-image":"","background-repeat":"repeat","background-position":"center center","background-size":"auto","background-attachment":"scroll","background-type":"","background-media":"","overlay-type":"","overlay-color":"","overlay-opacity":"","overlay-gradient":""},"mobile":{"background-color":"var(--ast-global-color-5)","background-image":"","background-repeat":"repeat","background-position":"center center","background-size":"auto","background-attachment":"scroll","background-type":"","background-media":"","overlay-type":"","overlay-color":"","overlay-opacity":"","overlay-gradient":""}},"footnotes":""},"class_list":["post-12515","page","type-page","status-publish","hentry"],"yoast_head":"<!-- This site is optimized with the Yoast SEO plugin v27.2 - https:\/\/yoast.com\/product\/yoast-seo-wordpress\/ -->\n<title>Beach Please Motors - Beach Please Mexico<\/title>\n<meta name=\"robots\" content=\"index, follow, max-snippet:-1, max-image-preview:large, max-video-preview:-1\" \/>\n<link rel=\"canonical\" href=\"https:\/\/beachpleasemexico.com\/es\/motors\/\" \/>\n<meta property=\"og:locale\" content=\"es_MX\" \/>\n<meta property=\"og:type\" content=\"article\" \/>\n<meta property=\"og:title\" content=\"Beach Please Motors - Beach Please Mexico\" \/>\n<meta property=\"og:url\" content=\"https:\/\/beachpleasemexico.com\/es\/motors\/\" \/>\n<meta property=\"og:site_name\" content=\"Beach Please Mexico\" \/>\n<meta property=\"article:publisher\" content=\"https:\/\/facebook.com\/beachpleasemexico\" \/>\n<meta property=\"article:modified_time\" content=\"2022-05-20T22:24:07+00:00\" \/>\n<meta property=\"og:image\" content=\"https:\/\/beachpleasemexico.com\/wp-content\/uploads\/2021\/12\/Bucerias-streets-1-1024x683.jpg\" \/>\n<meta name=\"twitter:card\" content=\"summary_large_image\" \/>\n<meta name=\"twitter:label1\" content=\"Tiempo de lectura\" \/>\n\t<meta name=\"twitter:data1\" content=\"1 minuto\" \/>\n<script type=\"application\/ld+json\" class=\"yoast-schema-graph\">{\"@context\":\"https:\/\/schema.org\",\"@graph\":[{\"@type\":\"WebPage\",\"@id\":\"https:\/\/beachpleasemexico.com\/motors\/\",\"url\":\"https:\/\/beachpleasemexico.com\/motors\/\",\"name\":\"Beach Please Motors - Beach Please Mexico\",\"isPartOf\":{\"@id\":\"https:\/\/beachpleasemexico.com\/#website\"},\"primaryImageOfPage\":{\"@id\":\"https:\/\/beachpleasemexico.com\/motors\/#primaryimage\"},\"image\":{\"@id\":\"https:\/\/beachpleasemexico.com\/motors\/#primaryimage\"},\"thumbnailUrl\":\"https:\/\/beachpleasemexico.com\/wp-content\/uploads\/2021\/12\/Bucerias-streets-1-1024x683.jpg\",\"datePublished\":\"2022-01-26T06:08:53+00:00\",\"dateModified\":\"2022-05-20T22:24:07+00:00\",\"breadcrumb\":{\"@id\":\"https:\/\/beachpleasemexico.com\/motors\/#breadcrumb\"},\"inLanguage\":\"es\",\"potentialAction\":[{\"@type\":\"ReadAction\",\"target\":[\"https:\/\/beachpleasemexico.com\/motors\/\"]}]},{\"@type\":\"ImageObject\",\"inLanguage\":\"es\",\"@id\":\"https:\/\/beachpleasemexico.com\/motors\/#primaryimage\",\"url\":\"https:\/\/beachpleasemexico.com\/wp-content\/uploads\/2021\/12\/Bucerias-streets-1-1024x683.jpg\",\"contentUrl\":\"https:\/\/beachpleasemexico.com\/wp-content\/uploads\/2021\/12\/Bucerias-streets-1-1024x683.jpg\"},{\"@type\":\"BreadcrumbList\",\"@id\":\"https:\/\/beachpleasemexico.com\/motors\/#breadcrumb\",\"itemListElement\":[{\"@type\":\"ListItem\",\"position\":1,\"name\":\"Home\",\"item\":\"https:\/\/beachpleasemexico.com\/\"},{\"@type\":\"ListItem\",\"position\":2,\"name\":\"Beach Please Motors\"}]},{\"@type\":\"WebSite\",\"@id\":\"https:\/\/beachpleasemexico.com\/#website\",\"url\":\"https:\/\/beachpleasemexico.com\/\",\"name\":\"Beach Please Mexico\",\"description\":\"Vacation Condo Rentals in Bucerias and Nuevo Vallarta\",\"publisher\":{\"@id\":\"https:\/\/beachpleasemexico.com\/#organization\"},\"potentialAction\":[{\"@type\":\"SearchAction\",\"target\":{\"@type\":\"EntryPoint\",\"urlTemplate\":\"https:\/\/beachpleasemexico.com\/?s={search_term_string}\"},\"query-input\":{\"@type\":\"PropertyValueSpecification\",\"valueRequired\":true,\"valueName\":\"search_term_string\"}}],\"inLanguage\":\"es\"},{\"@type\":\"Organization\",\"@id\":\"https:\/\/beachpleasemexico.com\/#organization\",\"name\":\"Beach Please Mexico\",\"url\":\"https:\/\/beachpleasemexico.com\/\",\"logo\":{\"@type\":\"ImageObject\",\"inLanguage\":\"es\",\"@id\":\"https:\/\/beachpleasemexico.com\/#\/schema\/logo\/image\/\",\"url\":\"https:\/\/i1.wp.com\/beachpleasemexico.com\/wp-content\/uploads\/2020\/10\/Beach-Please-Mexico-logo-17-copy-640px-1.png?fit=561%2C469&ssl=1\",\"contentUrl\":\"https:\/\/i1.wp.com\/beachpleasemexico.com\/wp-content\/uploads\/2020\/10\/Beach-Please-Mexico-logo-17-copy-640px-1.png?fit=561%2C469&ssl=1\",\"width\":561,\"height\":469,\"caption\":\"Beach Please Mexico\"},\"image\":{\"@id\":\"https:\/\/beachpleasemexico.com\/#\/schema\/logo\/image\/\"},\"sameAs\":[\"https:\/\/facebook.com\/beachpleasemexico\",\"https:\/\/instagram.com\/beachpleasemexico\"]}]}<\/script>\n<!-- \/ Yoast SEO plugin. -->","yoast_head_json":{"title":"Motores Beach Please - Beach Please M\u00e9xico","robots":{"index":"index","follow":"follow","max-snippet":"max-snippet:-1","max-image-preview":"max-image-preview:large","max-video-preview":"max-video-preview:-1"},"canonical":"https:\/\/beachpleasemexico.com\/es\/motors\/","og_locale":"es_MX","og_type":"article","og_title":"Beach Please Motors - Beach Please Mexico","og_url":"https:\/\/beachpleasemexico.com\/es\/motors\/","og_site_name":"Beach Please Mexico","article_publisher":"https:\/\/facebook.com\/beachpleasemexico","article_modified_time":"2022-05-20T22:24:07+00:00","og_image":[{"url":"https:\/\/beachpleasemexico.com\/wp-content\/uploads\/2021\/12\/Bucerias-streets-1-1024x683.jpg","type":"","width":"","height":""}],"twitter_card":"summary_large_image","twitter_misc":{"Tiempo de lectura":"1 minuto"},"schema":{"@context":"https:\/\/schema.org","@graph":[{"@type":"WebPage","@id":"https:\/\/beachpleasemexico.com\/motors\/","url":"https:\/\/beachpleasemexico.com\/motors\/","name":"Motores Beach Please - Beach Please M\u00e9xico","isPartOf":{"@id":"https:\/\/beachpleasemexico.com\/#website"},"primaryImageOfPage":{"@id":"https:\/\/beachpleasemexico.com\/motors\/#primaryimage"},"image":{"@id":"https:\/\/beachpleasemexico.com\/motors\/#primaryimage"},"thumbnailUrl":"https:\/\/beachpleasemexico.com\/wp-content\/uploads\/2021\/12\/Bucerias-streets-1-1024x683.jpg","datePublished":"2022-01-26T06:08:53+00:00","dateModified":"2022-05-20T22:24:07+00:00","breadcrumb":{"@id":"https:\/\/beachpleasemexico.com\/motors\/#breadcrumb"},"inLanguage":"es","potentialAction":[{"@type":"ReadAction","target":["https:\/\/beachpleasemexico.com\/motors\/"]}]},{"@type":"ImageObject","inLanguage":"es","@id":"https:\/\/beachpleasemexico.com\/motors\/#primaryimage","url":"https:\/\/beachpleasemexico.com\/wp-content\/uploads\/2021\/12\/Bucerias-streets-1-1024x683.jpg","contentUrl":"https:\/\/beachpleasemexico.com\/wp-content\/uploads\/2021\/12\/Bucerias-streets-1-1024x683.jpg"},{"@type":"BreadcrumbList","@id":"https:\/\/beachpleasemexico.com\/motors\/#breadcrumb","itemListElement":[{"@type":"ListItem","position":1,"name":"Home","item":"https:\/\/beachpleasemexico.com\/"},{"@type":"ListItem","position":2,"name":"Beach Please Motors"}]},{"@type":"WebSite","@id":"https:\/\/beachpleasemexico.com\/#website","url":"https:\/\/beachpleasemexico.com\/","name":"Beach Please M\u00e9xico","description":"Renta de Condominios Vacacionales en Bucer\u00edas y Nuevo Vallarta","publisher":{"@id":"https:\/\/beachpleasemexico.com\/#organization"},"potentialAction":[{"@type":"SearchAction","target":{"@type":"EntryPoint","urlTemplate":"https:\/\/beachpleasemexico.com\/?s={search_term_string}"},"query-input":{"@type":"PropertyValueSpecification","valueRequired":true,"valueName":"search_term_string"}}],"inLanguage":"es"},{"@type":"Organization","@id":"https:\/\/beachpleasemexico.com\/#organization","name":"Beach Please M\u00e9xico","url":"https:\/\/beachpleasemexico.com\/","logo":{"@type":"ImageObject","inLanguage":"es","@id":"https:\/\/beachpleasemexico.com\/#\/schema\/logo\/image\/","url":"https:\/\/i1.wp.com\/beachpleasemexico.com\/wp-content\/uploads\/2020\/10\/Beach-Please-Mexico-logo-17-copy-640px-1.png?fit=561%2C469&ssl=1","contentUrl":"https:\/\/i1.wp.com\/beachpleasemexico.com\/wp-content\/uploads\/2020\/10\/Beach-Please-Mexico-logo-17-copy-640px-1.png?fit=561%2C469&ssl=1","width":561,"height":469,"caption":"Beach Please Mexico"},"image":{"@id":"https:\/\/beachpleasemexico.com\/#\/schema\/logo\/image\/"},"sameAs":["https:\/\/facebook.com\/beachpleasemexico","https:\/\/instagram.com\/beachpleasemexico"]}]}},"uagb_featured_image_src":{"full":false,"thumbnail":false,"medium":false,"medium_large":false,"large":false,"1536x1536":false,"2048x2048":false,"trp-custom-language-flag":false,"es-image-size-archive":false,"es-agent-size":false,"es-pdf-featured":false,"es-pdf-thumbnail":false,"gform-image-choice-sm":false,"gform-image-choice-md":false,"gform-image-choice-lg":false},"uagb_author_info":{"display_name":"ericrglez","author_link":"https:\/\/beachpleasemexico.com\/es\/author\/ericrglez\/"},"uagb_comment_info":0,"uagb_excerpt":null,"_links":{"self":[{"href":"https:\/\/beachpleasemexico.com\/es\/wp-json\/wp\/v2\/pages\/12515","targetHints":{"allow":["GET"]}}],"collection":[{"href":"https:\/\/beachpleasemexico.com\/es\/wp-json\/wp\/v2\/pages"}],"about":[{"href":"https:\/\/beachpleasemexico.com\/es\/wp-json\/wp\/v2\/types\/page"}],"author":[{"embeddable":true,"href":"https:\/\/beachpleasemexico.com\/es\/wp-json\/wp\/v2\/users\/1"}],"replies":[{"embeddable":true,"href":"https:\/\/beachpleasemexico.com\/es\/wp-json\/wp\/v2\/comments?post=12515"}],"version-history":[{"count":5,"href":"https:\/\/beachpleasemexico.com\/es\/wp-json\/wp\/v2\/pages\/12515\/revisions"}],"predecessor-version":[{"id":14640,"href":"https:\/\/beachpleasemexico.com\/es\/wp-json\/wp\/v2\/pages\/12515\/revisions\/14640"}],"wp:attachment":[{"href":"https:\/\/beachpleasemexico.com\/es\/wp-json\/wp\/v2\/media?parent=12515"}],"curies":[{"name":"wp","href":"https:\/\/api.w.org\/{rel}","templated":true}]}}