{"id":12716,"date":"2022-01-31T18:46:55","date_gmt":"2022-02-01T00:46:55","guid":{"rendered":"https:\/\/beachpleasemexico.com\/?page_id=12716"},"modified":"2022-01-31T19:00:34","modified_gmt":"2022-02-01T01:00:34","slug":"aviso-de-privacidad","status":"publish","type":"page","link":"https:\/\/beachpleasemexico.com\/es\/aviso-de-privacidad\/","title":{"rendered":"Aviso de Privacidad"},"content":{"rendered":"<div style=\"height:30px\" aria-hidden=\"true\" class=\"wp-block-spacer\"><\/div>\n\n\n\t\t\t\t<div class=\"wp-block-uagb-table-of-contents uagb-toc__align-left uagb-toc__columns-1  uagb-block-4984988c\"\n\t\t\t\t\tdata-scroll= \"1\"\n\t\t\t\t\tdata-offset= \"30\"\n\t\t\t\t\tstyle=\"\"\n\t\t\t\t>\n\t\t\t\t<div class=\"uagb-toc__wrap\">\n\t\t\t\t\t\t<div class=\"uagb-toc__title\">\n\t\t\t\t\t\t\ttabla de contenido\t\t\t\t\t\t<\/div>\n\t\t\t\t\t\t\t\t\t\t\t\t\t\t\t\t\t\t\t\t\t\t<div class=\"uagb-toc__list-wrap\">\n\t\t\t\t\t\t<ol class=\"uagb-toc__list\"><li class=\"uagb-toc__list\"><a href=\"#datos-recolectados\" class=\"uagb-toc-link__trigger\">Datos recolectados<\/a><li class=\"uagb-toc__list\"><a href=\"#c\u00f3mo-se-utilizan-los-datos\" class=\"uagb-toc-link__trigger\">How to use the data<\/a><li class=\"uagb-toc__list\"><a href=\"#protecci\u00f3n-de-datos-personales\" class=\"uagb-toc-link__trigger\">Protecci\u00f3n de datos personales<\/a><li class=\"uagb-toc__list\"><a href=\"#acceso-a-datos-personales\" class=\"uagb-toc-link__trigger\">Acceso a datos personales<\/a><li class=\"uagb-toc__list\"><a href=\"#transferencia-de-datos\" class=\"uagb-toc-link__trigger\">transferencia de datos<\/a><li class=\"uagb-toc__list\"><a href=\"#cambios-y-aceptaci\u00f3n-de-este-aviso\" class=\"uagb-toc-link__trigger\">Cambios y aceptacion de este aviso<\/a><\/ol>\t\t\t\t\t<\/div>\n\t\t\t\t\t\t\t\t\t<\/div>\n\t\t\t\t<\/div>\n\t\t\t\n\n\n<div style=\"height:50px\" aria-hidden=\"true\" class=\"wp-block-spacer\"><\/div>\n\n\n\n<p>A los Usuarios (como se definir\u00e1 posteriormente), les informamos que el siguiente Aviso de Privacidad, les es aplicable por el simple uso o acceso a cualquiera de las p\u00e1ginas, aplicaciones web y m\u00f3viles, softwares y, aplicaciones en general, que integran el Sitio de beachpleasemexico.com (en adelante y, conjunta e indistintamente, el \u201cSitio\u201d), por lo que entenderemos que lo acepta y acuerda en obligarse en su cumplimiento. En caso de que no est\u00e9 de acuerdo con el Aviso de Privacidad y\/o con los T\u00e9rminos y Condiciones a su disposici\u00f3n, deber\u00e1 abstenerse de acceder o utilizar el Sitio. Este aviso forma parte del uso del Sitio en cumplimiento con las normas establecidas por la Ley Federal de Protecci\u00f3n de Datos Personales en Posesi\u00f3n de Particulares.<\/p>\n\n\n\n<p>El Usuario, entendido como aquella persona que realiza el uso o accede, mediante equipo de c\u00f3mputo y\/o cualquier equipo de comunicaci\u00f3n o dispositivo, al Sitio (en adelante el \u201cUsuario\u201d), acepta plena y sin reserva todas y cada una de las disposiciones incluidas en el presente Aviso de Privacidad.<\/p>\n\n\n\n<p>El responsable de la protecci\u00f3n de dichos datos es el Departamento de Servicio al Cliente que podr\u00e1 ser contactado a trav\u00e9s del correo beachpleasemex @ gmail.com.<\/p>\n\n\n\n<h2 class=\"wp-block-heading\" id=\"datos-recolectados\">Datos recolectados<\/h2>\n\n\n\n<p>Los datos personales recolectados en este sitio web incluyen, pero no son limitados a, nombre completo, n\u00famero telef\u00f3nico, correo electr\u00f3nico, y nacionalidad. En algunos casos para la realizaci\u00f3n de pagos: n\u00famero de tarjeta de cr\u00e9dito\/d\u00e9bito, fecha de vencimiento, d\u00edgito verificador, nombre del titular de la tarjeta y direcci\u00f3n al que llega el estado de cuenta de la tarjeta de cr\u00e9dito. Esta informaci\u00f3n es recolectada y guardada cuando elige hacer una reservaci\u00f3n ya sea en l\u00ednea, v\u00eda telef\u00f3nica oa trav\u00e9s de cualquier otro medio, en el caso de los datos de pago con tarjeta de cr\u00e9dito\/d\u00e9bito son destruidos despu\u00e9s de haber confirmado las transacciones y su reservaci\u00f3n queda lista.<\/p>\n\n\n\n<p>Adem\u00e1s, este sitio recolecta informaci\u00f3n no personal de forma autom\u00e1tica a trav\u00e9s de distintas herramientas de an\u00e1lisis cada vez que un visitante ingresa al sitio web; por ejemplo la forma en que se utiliza el sitio o el tiempo estimado de visualizaci\u00f3n de una p\u00e1gina determinada. Esta informaci\u00f3n se recolecta a trav\u00e9s de cookies y permite a la Empresa mejorar constantemente la usabilidad y el dise\u00f1o del sitio para adaptarlo a las necesidades de los visitantes y facilitar las operaciones en el mismo. Las cookies son archivos que guardan el navegador en el disco duro de la computadora del usuario. Cuando entra al sitio web, es posible que guardemos informaci\u00f3n sobre la sesi\u00f3n y asignemos una o varias cookies. Las cookies de este sitio web no recolectan ni guardan informaci\u00f3n personal.<\/p>\n\n\n\n<p>Ser\u00e1n considerados como datos personales sensibles aquellos as\u00ed dispuestos por la Ley Federal de Protecci\u00f3n de Datos en Posesi\u00f3n de los Particulares, que de forma enunciativa m\u00e1s no limitativa, son los datos que forman parte de la intimidad del personal y cuya divulgaci\u00f3n pone en riesgo o da origen a discriminaci\u00f3n por aspectos de origen racial o \u00e9tnico, estado de salud, informaci\u00f3n gen\u00e9tica, creencias religiosas, filos\u00f3ficas o morales, afiliaci\u00f3n sindical, opiniones pol\u00edticas y preferencias sexuales.<\/p>\n\n\n\n<h2 class=\"wp-block-heading\" id=\"como-se-utilizan-los-datos\">How to use the data<\/h2>\n\n\n\n<p>Los datos proporcionados podr\u00e1n tener uno o m\u00e1s de los siguientes tratamientos:<\/p>\n\n\n\n<ul class=\"wp-block-list\"><li>Procesar, completar, actualizar, cancelar o imprimir los servicios contratados por cualquier medio: electr\u00f3nico o telef\u00f3nico.<\/li><li>Llamadas telef\u00f3nicas para confirmar disponibilidad, verificar las operaciones o realizadas v\u00eda internet o telef\u00f3nica si as\u00ed se requiere o si la Empresa lo considera necesario.<\/li><li>Env\u00edo de notificaciones a trav\u00e9s de correo electr\u00f3nico que informan sobre cualquier cambio, disponibilidad o eventos relacionados al itinerario de viaje: confirmaci\u00f3n de los servicios contratados, modificaciones, cancelaciones, invitaciones para evaluar u opinar sobre los servicios contratados y el servicio recibido por parte de la Empresa, sus empleados o representantes.<\/li><li>Env\u00edo de correo electr\u00f3nico o realizaci\u00f3n de llamadas telef\u00f3nicas para solicitar documentos que confirmen la identidad del cliente o el titular de la tarjeta de cr\u00e9dito si la Empresa o el\/los banco(s) con el que trabaja lo considera necesario.<\/li><li>Para mantener y actualizar constantemente las bases de datos que generan estad\u00edsticas y permitir mejorar los servicios recibidos por nuestros clientes y\/o visitantes.<\/li><li>Para recibir ofertas de viaje por correo electr\u00f3nico a trav\u00e9s de nuestro bolet\u00edn de ofertas. En cada correo electr\u00f3nico enviado aparece una liga con la opci\u00f3n para darse cuenta de baja si el usuario as\u00ed lo desea para dejar de recibir estas comunicaciones.<\/li><li>Para mercadotecnia, publicidad y prospecci\u00f3n comercial.<\/li><li>Para ofrecer, en su caso, otros productos y servicios propios de la Empresa o de cualquiera de sus afiliadas, subsidiarias, sociedades controladoras, asociadas, comisionistas o sociedades.<\/li><li>Para remitirle promociones de otros bienes, servicios y\/o productos.<\/li><li>Para participar en encuestas, sorteos y promociones.<\/li><\/ul>\n\n\n\n<h2 class=\"wp-block-heading\" id=\"proteccion-de-datos-personales\">Protecci\u00f3n de datos personales<\/h2>\n\n\n\n<p>La Empresa ha implementado un sistema de seguridad sofisticado para proteger la informaci\u00f3n de nuestros clientes de accesos no autorizados. Nuestros sistemas est\u00e1n configurados con encriptaci\u00f3n de datos y tecnolog\u00edas de codificaci\u00f3n programadas bajo est\u00e1ndares de la industria. Toda transmisi\u00f3n de datos delicados como son la informaci\u00f3n de tarjetas de cr\u00e9dito\/d\u00e9bito ingresada en el sitio de M\u00e9xico Destinos se codifica antes de enviarse usando tecnolog\u00eda SSL.<\/p>\n\n\n\n<h2 class=\"wp-block-heading\" id=\"acceso-a-datos-personales\">Acceso a datos personales<\/h2>\n\n\n\n<p>Cumpliendo con lo dispuesto en la Ley Federal de Protecci\u00f3n de Datos Personales en Posesi\u00f3n de los Particulares tiene derecho a ejercer 4 acciones sobre los datos personales que hemos recabado: <\/p>\n\n\n\n<ol class=\"wp-block-list\"><li>Accesar a sus datos personales para conocer los detalles de tratamiento de los mismos <\/li><li>Rectificarlos en caso de ser inexactos, incorrectos o estar desactualizados<\/li><li>Cancelarlos cuando considere que no se requiere para alguna de las finalidades se\u00f1aladas en el presente aviso de privacidad, son siendo utilizados para finalidades no consentidas o haya finalizado la relaci\u00f3n contractual o de servicio<\/li><li>Oponerse al tratamiento de los mismos para fines espec\u00edficos (conocidos como derechos ARCO).<\/li><\/ol>\n\n\n\n<p>Si los Usuarios desean que sus datos personales ya no sean usados por la Empresa y que los mismos sean eliminados, limitados, restringidos, borrados, modificados, puede enviar un correo electr\u00f3nico a la Empresa, en cualquier momento, para ejercer sus Derechos de Acceso, Rectificaci\u00f3n, Cancelaci\u00f3n u Oposici\u00f3n (\u201cDerechos ARCO\u201d).<\/p>\n\n\n\n<h2 class=\"wp-block-heading\" id=\"transferencia-de-datos\">transferencia de datos<\/h2>\n\n\n\n<p> La Empresa podr\u00e1 divulgar sus datos personales a terceros que, en virtud de los servicios y productos ofrecidos, necesiten conocerlos para cumplir cabalmente con los mismos. Los datos que se comparten dependen del servicio reservado y se hacen con la finalidad de brindar un mejor servicio y entender mejor las necesidades de nuestros clientes.<\/p>\n\n\n\n<p>Asimismo, la Empresa puede divulgar su informaci\u00f3n a las autoridades competentes en t\u00e9rminos de la legislaci\u00f3n aplicable; cualquier transferencia de sus datos personales sin consentimiento se realizar\u00e1 de acuerdo con el Art\u00edculo 37 de la LFPDPPP.<\/p>\n\n\n\n<h2 class=\"wp-block-heading\" id=\"cambios-y-aceptacion-de-este-aviso\">Cambios y aceptacion de este aviso<\/h2>\n\n\n\n<p>El presente aviso de privacidad puede sufrir modificaciones, cambios o actualizaciones derivadas, entre otras cosas, por nuevos requisitos legales; necesidades propias de la Empresa, por los productos o servicios que ofrecemos; por nuestras pr\u00e1cticas de privacidad; por cambios en nuestro modelo de negocio, o por otras causas. Por esta raz\u00f3n se recomienda su revisi\u00f3n continua.<\/p>\n\n\n\n<p>La aportaci\u00f3n de datos a la Empresa mediante cualquier medio significativo que ha le\u00eddo, entendi\u00f3 y constituye la aceptaci\u00f3n de los t\u00e9rminos expuestos en el presente aviso de privacidad.<\/p>","protected":false},"excerpt":{"rendered":"<p>A los Usuarios (como se definen posteriormente), les informamos que el siguiente Aviso de Privacidad, les es aplicable por el simple uso o acceso a cualquiera de las p\u00e1ginas, aplicaciones web y m\u00f3viles, softwares y, aplicaciones en general, que integran el Sitio de beachpleasemexico.com (en adelante y, conjunta e indistintamente, el \u201cSitio\u201d), por lo que [&hellip;]<\/p>\n","protected":false},"author":1,"featured_media":0,"parent":0,"menu_order":0,"comment_status":"closed","ping_status":"closed","template":"","meta":{"_uag_custom_page_level_css":"","_monsterinsights_skip_tracking":false,"_monsterinsights_sitenote_active":false,"_monsterinsights_sitenote_note":"","_monsterinsights_sitenote_category":0,"site-sidebar-layout":"default","site-content-layout":"plain-container","ast-site-content-layout":"default","site-content-style":"default","site-sidebar-style":"default","ast-global-header-display":"","ast-banner-title-visibility":"","ast-main-header-display":"","ast-hfb-above-header-display":"","ast-hfb-below-header-display":"","ast-hfb-mobile-header-display":"","site-post-title":"","ast-breadcrumbs-content":"","ast-featured-img":"","footer-sml-layout":"","ast-disable-related-posts":"","theme-transparent-header-meta":"","adv-header-id-meta":"","stick-header-meta":"","header-above-stick-meta":"","header-main-stick-meta":"","header-below-stick-meta":"","astra-migrate-meta-layouts":"default","ast-page-background-enabled":"default","ast-page-background-meta":{"desktop":{"background-color":"","background-image":"","background-repeat":"repeat","background-position":"center center","background-size":"auto","background-attachment":"scroll","background-type":"","background-media":"","overlay-type":"","overlay-color":"","overlay-opacity":"","overlay-gradient":""},"tablet":{"background-color":"","background-image":"","background-repeat":"repeat","background-position":"center center","background-size":"auto","background-attachment":"scroll","background-type":"","background-media":"","overlay-type":"","overlay-color":"","overlay-opacity":"","overlay-gradient":""},"mobile":{"background-color":"","background-image":"","background-repeat":"repeat","background-position":"center center","background-size":"auto","background-attachment":"scroll","background-type":"","background-media":"","overlay-type":"","overlay-color":"","overlay-opacity":"","overlay-gradient":""}},"ast-content-background-meta":{"desktop":{"background-color":"var(--ast-global-color-5)","background-image":"","background-repeat":"repeat","background-position":"center center","background-size":"auto","background-attachment":"scroll","background-type":"","background-media":"","overlay-type":"","overlay-color":"","overlay-opacity":"","overlay-gradient":""},"tablet":{"background-color":"var(--ast-global-color-5)","background-image":"","background-repeat":"repeat","background-position":"center center","background-size":"auto","background-attachment":"scroll","background-type":"","background-media":"","overlay-type":"","overlay-color":"","overlay-opacity":"","overlay-gradient":""},"mobile":{"background-color":"var(--ast-global-color-5)","background-image":"","background-repeat":"repeat","background-position":"center center","background-size":"auto","background-attachment":"scroll","background-type":"","background-media":"","overlay-type":"","overlay-color":"","overlay-opacity":"","overlay-gradient":""}},"footnotes":""},"class_list":["post-12716","page","type-page","status-publish","hentry"],"yoast_head":"<!-- This site is optimized with the Yoast SEO plugin v27.2 - https:\/\/yoast.com\/product\/yoast-seo-wordpress\/ -->\n<title>Aviso de Privacidad - Beach Please Mexico<\/title>\n<meta name=\"robots\" content=\"index, follow, max-snippet:-1, max-image-preview:large, max-video-preview:-1\" \/>\n<link rel=\"canonical\" href=\"https:\/\/beachpleasemexico.com\/es\/aviso-de-privacidad\/\" \/>\n<meta property=\"og:locale\" content=\"es_MX\" \/>\n<meta property=\"og:type\" content=\"article\" \/>\n<meta property=\"og:title\" content=\"Aviso de Privacidad - Beach Please Mexico\" \/>\n<meta property=\"og:description\" content=\"A los Usuarios (como se definen posteriormente), les informamos que el siguiente Aviso de Privacidad, les es aplicable por el simple uso o acceso a cualquiera de las p\u00e1ginas, aplicaciones web y m\u00f3viles, softwares y, aplicaciones en general, que integran el Sitio de beachpleasemexico.com (en adelante y, conjunta e indistintamente, el \u201cSitio\u201d), por lo que [&hellip;]\" \/>\n<meta property=\"og:url\" content=\"https:\/\/beachpleasemexico.com\/es\/aviso-de-privacidad\/\" \/>\n<meta property=\"og:site_name\" content=\"Beach Please Mexico\" \/>\n<meta property=\"article:publisher\" content=\"https:\/\/facebook.com\/beachpleasemexico\" \/>\n<meta property=\"article:modified_time\" content=\"2022-02-01T01:00:34+00:00\" \/>\n<meta name=\"twitter:card\" content=\"summary_large_image\" \/>\n<meta name=\"twitter:label1\" content=\"Tiempo de lectura\" \/>\n\t<meta name=\"twitter:data1\" content=\"6 minutos\" \/>\n<script type=\"application\/ld+json\" class=\"yoast-schema-graph\">{\"@context\":\"https:\/\/schema.org\",\"@graph\":[{\"@type\":\"WebPage\",\"@id\":\"https:\/\/beachpleasemexico.com\/aviso-de-privacidad\/\",\"url\":\"https:\/\/beachpleasemexico.com\/aviso-de-privacidad\/\",\"name\":\"Aviso de Privacidad - Beach Please Mexico\",\"isPartOf\":{\"@id\":\"https:\/\/beachpleasemexico.com\/#website\"},\"datePublished\":\"2022-02-01T00:46:55+00:00\",\"dateModified\":\"2022-02-01T01:00:34+00:00\",\"breadcrumb\":{\"@id\":\"https:\/\/beachpleasemexico.com\/aviso-de-privacidad\/#breadcrumb\"},\"inLanguage\":\"es\",\"potentialAction\":[{\"@type\":\"ReadAction\",\"target\":[\"https:\/\/beachpleasemexico.com\/aviso-de-privacidad\/\"]}]},{\"@type\":\"BreadcrumbList\",\"@id\":\"https:\/\/beachpleasemexico.com\/aviso-de-privacidad\/#breadcrumb\",\"itemListElement\":[{\"@type\":\"ListItem\",\"position\":1,\"name\":\"Home\",\"item\":\"https:\/\/beachpleasemexico.com\/\"},{\"@type\":\"ListItem\",\"position\":2,\"name\":\"Aviso de Privacidad\"}]},{\"@type\":\"WebSite\",\"@id\":\"https:\/\/beachpleasemexico.com\/#website\",\"url\":\"https:\/\/beachpleasemexico.com\/\",\"name\":\"Beach Please Mexico\",\"description\":\"Vacation Condo Rentals in Bucerias and Nuevo Vallarta\",\"publisher\":{\"@id\":\"https:\/\/beachpleasemexico.com\/#organization\"},\"potentialAction\":[{\"@type\":\"SearchAction\",\"target\":{\"@type\":\"EntryPoint\",\"urlTemplate\":\"https:\/\/beachpleasemexico.com\/?s={search_term_string}\"},\"query-input\":{\"@type\":\"PropertyValueSpecification\",\"valueRequired\":true,\"valueName\":\"search_term_string\"}}],\"inLanguage\":\"es\"},{\"@type\":\"Organization\",\"@id\":\"https:\/\/beachpleasemexico.com\/#organization\",\"name\":\"Beach Please Mexico\",\"url\":\"https:\/\/beachpleasemexico.com\/\",\"logo\":{\"@type\":\"ImageObject\",\"inLanguage\":\"es\",\"@id\":\"https:\/\/beachpleasemexico.com\/#\/schema\/logo\/image\/\",\"url\":\"https:\/\/i1.wp.com\/beachpleasemexico.com\/wp-content\/uploads\/2020\/10\/Beach-Please-Mexico-logo-17-copy-640px-1.png?fit=561%2C469&ssl=1\",\"contentUrl\":\"https:\/\/i1.wp.com\/beachpleasemexico.com\/wp-content\/uploads\/2020\/10\/Beach-Please-Mexico-logo-17-copy-640px-1.png?fit=561%2C469&ssl=1\",\"width\":561,\"height\":469,\"caption\":\"Beach Please Mexico\"},\"image\":{\"@id\":\"https:\/\/beachpleasemexico.com\/#\/schema\/logo\/image\/\"},\"sameAs\":[\"https:\/\/facebook.com\/beachpleasemexico\",\"https:\/\/instagram.com\/beachpleasemexico\"]}]}<\/script>\n<!-- \/ Yoast SEO plugin. -->","yoast_head_json":{"title":"Aviso de Privacidad - Beach Please M\u00e9xico","robots":{"index":"index","follow":"follow","max-snippet":"max-snippet:-1","max-image-preview":"max-image-preview:large","max-video-preview":"max-video-preview:-1"},"canonical":"https:\/\/beachpleasemexico.com\/es\/aviso-de-privacidad\/","og_locale":"es_MX","og_type":"article","og_title":"Aviso de Privacidad - Beach Please Mexico","og_description":"A los Usuarios (como se definen posteriormente), les informamos que el siguiente Aviso de Privacidad, les es aplicable por el simple uso o acceso a cualquiera de las p\u00e1ginas, aplicaciones web y m\u00f3viles, softwares y, aplicaciones en general, que integran el Sitio de beachpleasemexico.com (en adelante y, conjunta e indistintamente, el \u201cSitio\u201d), por lo que [&hellip;]","og_url":"https:\/\/beachpleasemexico.com\/es\/aviso-de-privacidad\/","og_site_name":"Beach Please Mexico","article_publisher":"https:\/\/facebook.com\/beachpleasemexico","article_modified_time":"2022-02-01T01:00:34+00:00","twitter_card":"summary_large_image","twitter_misc":{"Tiempo de lectura":"6 minutos"},"schema":{"@context":"https:\/\/schema.org","@graph":[{"@type":"WebPage","@id":"https:\/\/beachpleasemexico.com\/aviso-de-privacidad\/","url":"https:\/\/beachpleasemexico.com\/aviso-de-privacidad\/","name":"Aviso de Privacidad - Beach Please M\u00e9xico","isPartOf":{"@id":"https:\/\/beachpleasemexico.com\/#website"},"datePublished":"2022-02-01T00:46:55+00:00","dateModified":"2022-02-01T01:00:34+00:00","breadcrumb":{"@id":"https:\/\/beachpleasemexico.com\/aviso-de-privacidad\/#breadcrumb"},"inLanguage":"es","potentialAction":[{"@type":"ReadAction","target":["https:\/\/beachpleasemexico.com\/aviso-de-privacidad\/"]}]},{"@type":"BreadcrumbList","@id":"https:\/\/beachpleasemexico.com\/aviso-de-privacidad\/#breadcrumb","itemListElement":[{"@type":"ListItem","position":1,"name":"Home","item":"https:\/\/beachpleasemexico.com\/"},{"@type":"ListItem","position":2,"name":"Aviso de Privacidad"}]},{"@type":"WebSite","@id":"https:\/\/beachpleasemexico.com\/#website","url":"https:\/\/beachpleasemexico.com\/","name":"Beach Please M\u00e9xico","description":"Renta de Condominios Vacacionales en Bucer\u00edas y Nuevo Vallarta","publisher":{"@id":"https:\/\/beachpleasemexico.com\/#organization"},"potentialAction":[{"@type":"SearchAction","target":{"@type":"EntryPoint","urlTemplate":"https:\/\/beachpleasemexico.com\/?s={search_term_string}"},"query-input":{"@type":"PropertyValueSpecification","valueRequired":true,"valueName":"search_term_string"}}],"inLanguage":"es"},{"@type":"Organization","@id":"https:\/\/beachpleasemexico.com\/#organization","name":"Beach Please M\u00e9xico","url":"https:\/\/beachpleasemexico.com\/","logo":{"@type":"ImageObject","inLanguage":"es","@id":"https:\/\/beachpleasemexico.com\/#\/schema\/logo\/image\/","url":"https:\/\/i1.wp.com\/beachpleasemexico.com\/wp-content\/uploads\/2020\/10\/Beach-Please-Mexico-logo-17-copy-640px-1.png?fit=561%2C469&ssl=1","contentUrl":"https:\/\/i1.wp.com\/beachpleasemexico.com\/wp-content\/uploads\/2020\/10\/Beach-Please-Mexico-logo-17-copy-640px-1.png?fit=561%2C469&ssl=1","width":561,"height":469,"caption":"Beach Please Mexico"},"image":{"@id":"https:\/\/beachpleasemexico.com\/#\/schema\/logo\/image\/"},"sameAs":["https:\/\/facebook.com\/beachpleasemexico","https:\/\/instagram.com\/beachpleasemexico"]}]}},"uagb_featured_image_src":{"full":false,"thumbnail":false,"medium":false,"medium_large":false,"large":false,"1536x1536":false,"2048x2048":false,"trp-custom-language-flag":false,"es-image-size-archive":false,"es-agent-size":false,"es-pdf-featured":false,"es-pdf-thumbnail":false,"gform-image-choice-sm":false,"gform-image-choice-md":false,"gform-image-choice-lg":false},"uagb_author_info":{"display_name":"ericrglez","author_link":"https:\/\/beachpleasemexico.com\/es\/author\/ericrglez\/"},"uagb_comment_info":0,"uagb_excerpt":"A los Usuarios (como se definen posteriormente), les informamos que el siguiente Aviso de Privacidad, les es aplicable por el simple uso o acceso a cualquiera de las p\u00e1ginas, aplicaciones web y m\u00f3viles, softwares y, aplicaciones en general, que integran el Sitio de beachpleasemexico.com (en adelante y, conjunta e indistintamente, el \u201cSitio\u201d), por lo que&hellip;","_links":{"self":[{"href":"https:\/\/beachpleasemexico.com\/es\/wp-json\/wp\/v2\/pages\/12716","targetHints":{"allow":["GET"]}}],"collection":[{"href":"https:\/\/beachpleasemexico.com\/es\/wp-json\/wp\/v2\/pages"}],"about":[{"href":"https:\/\/beachpleasemexico.com\/es\/wp-json\/wp\/v2\/types\/page"}],"author":[{"embeddable":true,"href":"https:\/\/beachpleasemexico.com\/es\/wp-json\/wp\/v2\/users\/1"}],"replies":[{"embeddable":true,"href":"https:\/\/beachpleasemexico.com\/es\/wp-json\/wp\/v2\/comments?post=12716"}],"version-history":[{"count":5,"href":"https:\/\/beachpleasemexico.com\/es\/wp-json\/wp\/v2\/pages\/12716\/revisions"}],"predecessor-version":[{"id":12726,"href":"https:\/\/beachpleasemexico.com\/es\/wp-json\/wp\/v2\/pages\/12716\/revisions\/12726"}],"wp:attachment":[{"href":"https:\/\/beachpleasemexico.com\/es\/wp-json\/wp\/v2\/media?parent=12716"}],"curies":[{"name":"wp","href":"https:\/\/api.w.org\/{rel}","templated":true}]}}