{"id":5156,"date":"2020-12-30T13:36:26","date_gmt":"2020-12-30T19:36:26","guid":{"rendered":"https:\/\/beachpleasemexico.com\/?page_id=5156"},"modified":"2021-03-19T17:24:02","modified_gmt":"2021-03-19T23:24:02","slug":"upcoming-events-calendar","status":"publish","type":"page","link":"https:\/\/beachpleasemexico.com\/es\/upcoming-events-calendar\/","title":{"rendered":"Calendario de pr\u00f3ximos eventos locales"},"content":{"rendered":"<section class=\"wp-block-uagb-section uagb-section__wrap uagb-section__background-image uagb-block-aee45910\"><div class=\"uagb-section__overlay\"><\/div><div class=\"uagb-section__inner-wrap\">\n<div class=\"wp-block-getwid-advanced-heading alignwide alignwide has-custom-font-size fs-mobile-50\" style=\"font-size:68px\"><h1 class=\"wp-block-getwid-advanced-heading__content has-text-color\" style=\"text-align:center;color:#ffffff\">Calendario de pr\u00f3ximos eventos<\/h1><\/div>\n<\/div><\/section>\n\n\n\n<div class=\"wp-block-getwid-section alignfull alignfull\"><div class=\"wp-block-getwid-section__wrapper\"><div class=\"wp-block-getwid-section__inner-wrapper\"><div class=\"wp-block-getwid-section__background-holder\"><div class=\"wp-block-getwid-section__background\"><\/div><div class=\"wp-block-getwid-section__foreground\"><\/div><\/div><div class=\"wp-block-getwid-section__content\"><div class=\"wp-block-getwid-section__inner-content\">\n<div style=\"height:50px\" aria-hidden=\"true\" class=\"wp-block-spacer\"><\/div>\n\n\n\n<div class=\"wp-block-getwid-section alignfull alignfull\"><div class=\"wp-block-getwid-section__wrapper\"><div class=\"wp-block-getwid-section__inner-wrapper\"><div class=\"wp-block-getwid-section__background-holder\"><div class=\"wp-block-getwid-section__background\"><\/div><div class=\"wp-block-getwid-section__foreground\"><\/div><\/div><div class=\"wp-block-getwid-section__content\"><div class=\"wp-block-getwid-section__inner-content\">\n<div class=\"wp-block-columns has-2-columns is-layout-flex wp-container-core-columns-is-layout-28f84493 wp-block-columns-is-layout-flex\">\n<div class=\"wp-block-column is-layout-flow wp-block-column-is-layout-flow\">\n<div class=\"wp-block-getwid-image-box has-text-center has-mobile-layout-default has-mobile-alignment-default\"><div class=\"wp-block-getwid-image-box__image-container is-position-top\"><div class=\"wp-block-getwid-image-box__image-wrapper\"><img loading=\"lazy\" decoding=\"async\" width=\"1024\" height=\"682\" src=\"https:\/\/beachpleasemexico.com\/wp-content\/uploads\/2020\/03\/refugio-de-lupita-bucerias-restaurant-1-1024x682.jpg\" alt=\"\" class=\"wp-block-getwid-image-box__image wp-image-4080\" srcset=\"https:\/\/beachpleasemexico.com\/wp-content\/uploads\/2020\/03\/refugio-de-lupita-bucerias-restaurant-1-1024x682.jpg 1024w, https:\/\/beachpleasemexico.com\/wp-content\/uploads\/2020\/03\/refugio-de-lupita-bucerias-restaurant-1-300x200.jpg 300w, https:\/\/beachpleasemexico.com\/wp-content\/uploads\/2020\/03\/refugio-de-lupita-bucerias-restaurant-1-768x512.jpg 768w, https:\/\/beachpleasemexico.com\/wp-content\/uploads\/2020\/03\/refugio-de-lupita-bucerias-restaurant-1.jpg 1280w\" sizes=\"auto, (max-width: 1024px) 100vw, 1024px\" \/><\/div><\/div><div class=\"wp-block-getwid-image-box__content\">\n<h3 class=\"has-very-dark-gray-color has-text-color wp-block-heading\">Bucerias<\/h3>\n\n\n\n<p>Obtenga informaci\u00f3n privilegiada sobre los pr\u00f3ximos eventos de Bucer\u00edas y consulte nuestro calendario de eventos locales.<\/p>\n\n\n\n<div class=\"wp-block-button aligncenter is-style-outline is-style-outline--2\"><a class=\"wp-block-button__link has-text-color has-background\" href=\"https:\/\/beachpleasemexico.com\/es\/upcoming-events-calendar\/bucerias\/\" style=\"background-color:#fb2056;color:#ffffff\">M\u00e1s informaci\u00f3n<\/a><\/div>\n\n\n\n<div style=\"height:55px\" aria-hidden=\"true\" class=\"wp-block-spacer\"><\/div>\n<\/div><\/div>\n<\/div>\n\n\n\n<div class=\"wp-block-column is-layout-flow wp-block-column-is-layout-flow\">\n<div class=\"wp-block-getwid-image-box has-text-center has-mobile-layout-default has-mobile-alignment-default\"><div class=\"wp-block-getwid-image-box__image-container is-position-top\"><div class=\"wp-block-getwid-image-box__image-wrapper\"><img loading=\"lazy\" decoding=\"async\" width=\"1024\" height=\"682\" src=\"https:\/\/beachpleasemexico.com\/wp-content\/uploads\/2020\/11\/architecture-old-stone-3285590-1024x682.jpg\" alt=\"arquitectura, antiguo, piedra\" class=\"wp-block-getwid-image-box__image wp-image-4539\" srcset=\"https:\/\/beachpleasemexico.com\/wp-content\/uploads\/2020\/11\/architecture-old-stone-3285590-1024x682.jpg 1024w, https:\/\/beachpleasemexico.com\/wp-content\/uploads\/2020\/11\/architecture-old-stone-3285590-300x200.jpg 300w, https:\/\/beachpleasemexico.com\/wp-content\/uploads\/2020\/11\/architecture-old-stone-3285590-768x512.jpg 768w, https:\/\/beachpleasemexico.com\/wp-content\/uploads\/2020\/11\/architecture-old-stone-3285590.jpg 1280w\" sizes=\"auto, (max-width: 1024px) 100vw, 1024px\" \/><\/div><\/div><div class=\"wp-block-getwid-image-box__content\">\n<h3 class=\"has-very-dark-gray-color has-text-color wp-block-heading\">Puerto Vallarta<\/h3>\n\n\n\n<p>Obtenga informaci\u00f3n privilegiada sobre los pr\u00f3ximos eventos de Puerto Vallarta y consulte nuestro calendario de eventos locales.<\/p>\n<\/div><\/div>\n\n\n\n<div class=\"wp-block-button aligncenter is-style-outline is-style-outline--3\"><a class=\"wp-block-button__link has-text-color has-background\" href=\"https:\/\/beachpleasemexico.com\/es\/upcoming-events-calendar\/puerto-vallarta\/\" style=\"background-color:#fb2056;color:#ffffff\">M\u00e1s informaci\u00f3n<\/a><\/div>\n\n\n\n<div style=\"height:55px\" aria-hidden=\"true\" class=\"wp-block-spacer\"><\/div>\n<\/div>\n<\/div>\n<\/div><\/div><\/div><\/div><\/div>\n<\/div><\/div><\/div><\/div><\/div>","protected":false},"excerpt":{"rendered":"","protected":false},"author":1,"featured_media":0,"parent":0,"menu_order":0,"comment_status":"closed","ping_status":"closed","template":"","meta":{"_uag_custom_page_level_css":"","_monsterinsights_skip_tracking":false,"_monsterinsights_sitenote_active":false,"_monsterinsights_sitenote_note":"","_monsterinsights_sitenote_category":0,"site-sidebar-layout":"default","site-content-layout":"default","ast-site-content-layout":"default","site-content-style":"default","site-sidebar-style":"default","ast-global-header-display":"","ast-banner-title-visibility":"","ast-main-header-display":"","ast-hfb-above-header-display":"","ast-hfb-below-header-display":"","ast-hfb-mobile-header-display":"","site-post-title":"disabled","ast-breadcrumbs-content":"","ast-featured-img":"","footer-sml-layout":"","ast-disable-related-posts":"","theme-transparent-header-meta":"enabled","adv-header-id-meta":"","stick-header-meta":"","header-above-stick-meta":"","header-main-stick-meta":"","header-below-stick-meta":"","astra-migrate-meta-layouts":"default","ast-page-background-enabled":"default","ast-page-background-meta":{"desktop":{"background-color":"","background-image":"","background-repeat":"repeat","background-position":"center center","background-size":"auto","background-attachment":"scroll","background-type":"","background-media":"","overlay-type":"","overlay-color":"","overlay-opacity":"","overlay-gradient":""},"tablet":{"background-color":"","background-image":"","background-repeat":"repeat","background-position":"center center","background-size":"auto","background-attachment":"scroll","background-type":"","background-media":"","overlay-type":"","overlay-color":"","overlay-opacity":"","overlay-gradient":""},"mobile":{"background-color":"","background-image":"","background-repeat":"repeat","background-position":"center center","background-size":"auto","background-attachment":"scroll","background-type":"","background-media":"","overlay-type":"","overlay-color":"","overlay-opacity":"","overlay-gradient":""}},"ast-content-background-meta":{"desktop":{"background-color":"var(--ast-global-color-5)","background-image":"","background-repeat":"repeat","background-position":"center center","background-size":"auto","background-attachment":"scroll","background-type":"","background-media":"","overlay-type":"","overlay-color":"","overlay-opacity":"","overlay-gradient":""},"tablet":{"background-color":"var(--ast-global-color-5)","background-image":"","background-repeat":"repeat","background-position":"center center","background-size":"auto","background-attachment":"scroll","background-type":"","background-media":"","overlay-type":"","overlay-color":"","overlay-opacity":"","overlay-gradient":""},"mobile":{"background-color":"var(--ast-global-color-5)","background-image":"","background-repeat":"repeat","background-position":"center center","background-size":"auto","background-attachment":"scroll","background-type":"","background-media":"","overlay-type":"","overlay-color":"","overlay-opacity":"","overlay-gradient":""}},"footnotes":""},"class_list":["post-5156","page","type-page","status-publish","hentry"],"yoast_head":"<!-- This site is optimized with the Yoast SEO plugin v27.2 - https:\/\/yoast.com\/product\/yoast-seo-wordpress\/ -->\n<title>Upcoming Local Events Calendar - Beach Please Mexico<\/title>\n<meta name=\"robots\" content=\"index, follow, max-snippet:-1, max-image-preview:large, max-video-preview:-1\" \/>\n<link rel=\"canonical\" href=\"https:\/\/beachpleasemexico.com\/es\/upcoming-events-calendar\/\" \/>\n<meta property=\"og:locale\" content=\"es_MX\" \/>\n<meta property=\"og:type\" content=\"article\" \/>\n<meta property=\"og:title\" content=\"Upcoming Local Events Calendar - Beach Please Mexico\" \/>\n<meta property=\"og:url\" content=\"https:\/\/beachpleasemexico.com\/es\/upcoming-events-calendar\/\" \/>\n<meta property=\"og:site_name\" content=\"Beach Please Mexico\" \/>\n<meta property=\"article:publisher\" content=\"https:\/\/facebook.com\/beachpleasemexico\" \/>\n<meta property=\"article:modified_time\" content=\"2021-03-19T23:24:02+00:00\" \/>\n<meta property=\"og:image\" content=\"https:\/\/beachpleasemexico.com\/wp-content\/uploads\/2020\/03\/refugio-de-lupita-bucerias-restaurant-1-1024x682.jpg\" \/>\n<meta name=\"twitter:card\" content=\"summary_large_image\" \/>\n<meta name=\"twitter:label1\" content=\"Tiempo de lectura\" \/>\n\t<meta name=\"twitter:data1\" content=\"1 minuto\" \/>\n<script type=\"application\/ld+json\" class=\"yoast-schema-graph\">{\"@context\":\"https:\/\/schema.org\",\"@graph\":[{\"@type\":\"WebPage\",\"@id\":\"https:\/\/beachpleasemexico.com\/upcoming-events-calendar\/\",\"url\":\"https:\/\/beachpleasemexico.com\/upcoming-events-calendar\/\",\"name\":\"Upcoming Local Events Calendar - Beach Please Mexico\",\"isPartOf\":{\"@id\":\"https:\/\/beachpleasemexico.com\/#website\"},\"primaryImageOfPage\":{\"@id\":\"https:\/\/beachpleasemexico.com\/upcoming-events-calendar\/#primaryimage\"},\"image\":{\"@id\":\"https:\/\/beachpleasemexico.com\/upcoming-events-calendar\/#primaryimage\"},\"thumbnailUrl\":\"https:\/\/beachpleasemexico.com\/wp-content\/uploads\/2020\/03\/refugio-de-lupita-bucerias-restaurant-1-1024x682.jpg\",\"datePublished\":\"2020-12-30T19:36:26+00:00\",\"dateModified\":\"2021-03-19T23:24:02+00:00\",\"breadcrumb\":{\"@id\":\"https:\/\/beachpleasemexico.com\/upcoming-events-calendar\/#breadcrumb\"},\"inLanguage\":\"es\",\"potentialAction\":[{\"@type\":\"ReadAction\",\"target\":[\"https:\/\/beachpleasemexico.com\/upcoming-events-calendar\/\"]}]},{\"@type\":\"ImageObject\",\"inLanguage\":\"es\",\"@id\":\"https:\/\/beachpleasemexico.com\/upcoming-events-calendar\/#primaryimage\",\"url\":\"https:\/\/beachpleasemexico.com\/wp-content\/uploads\/2020\/03\/refugio-de-lupita-bucerias-restaurant-1-1024x682.jpg\",\"contentUrl\":\"https:\/\/beachpleasemexico.com\/wp-content\/uploads\/2020\/03\/refugio-de-lupita-bucerias-restaurant-1-1024x682.jpg\"},{\"@type\":\"BreadcrumbList\",\"@id\":\"https:\/\/beachpleasemexico.com\/upcoming-events-calendar\/#breadcrumb\",\"itemListElement\":[{\"@type\":\"ListItem\",\"position\":1,\"name\":\"Home\",\"item\":\"https:\/\/beachpleasemexico.com\/\"},{\"@type\":\"ListItem\",\"position\":2,\"name\":\"Upcoming Local Events Calendar\"}]},{\"@type\":\"WebSite\",\"@id\":\"https:\/\/beachpleasemexico.com\/#website\",\"url\":\"https:\/\/beachpleasemexico.com\/\",\"name\":\"Beach Please Mexico\",\"description\":\"Vacation Condo Rentals in Bucerias and Nuevo Vallarta\",\"publisher\":{\"@id\":\"https:\/\/beachpleasemexico.com\/#organization\"},\"potentialAction\":[{\"@type\":\"SearchAction\",\"target\":{\"@type\":\"EntryPoint\",\"urlTemplate\":\"https:\/\/beachpleasemexico.com\/?s={search_term_string}\"},\"query-input\":{\"@type\":\"PropertyValueSpecification\",\"valueRequired\":true,\"valueName\":\"search_term_string\"}}],\"inLanguage\":\"es\"},{\"@type\":\"Organization\",\"@id\":\"https:\/\/beachpleasemexico.com\/#organization\",\"name\":\"Beach Please Mexico\",\"url\":\"https:\/\/beachpleasemexico.com\/\",\"logo\":{\"@type\":\"ImageObject\",\"inLanguage\":\"es\",\"@id\":\"https:\/\/beachpleasemexico.com\/#\/schema\/logo\/image\/\",\"url\":\"https:\/\/i1.wp.com\/beachpleasemexico.com\/wp-content\/uploads\/2020\/10\/Beach-Please-Mexico-logo-17-copy-640px-1.png?fit=561%2C469&ssl=1\",\"contentUrl\":\"https:\/\/i1.wp.com\/beachpleasemexico.com\/wp-content\/uploads\/2020\/10\/Beach-Please-Mexico-logo-17-copy-640px-1.png?fit=561%2C469&ssl=1\",\"width\":561,\"height\":469,\"caption\":\"Beach Please Mexico\"},\"image\":{\"@id\":\"https:\/\/beachpleasemexico.com\/#\/schema\/logo\/image\/\"},\"sameAs\":[\"https:\/\/facebook.com\/beachpleasemexico\",\"https:\/\/instagram.com\/beachpleasemexico\"]}]}<\/script>\n<!-- \/ Yoast SEO plugin. -->","yoast_head_json":{"title":"Calendario de pr\u00f3ximos eventos locales - Beach Please M\u00e9xico","robots":{"index":"index","follow":"follow","max-snippet":"max-snippet:-1","max-image-preview":"max-image-preview:large","max-video-preview":"max-video-preview:-1"},"canonical":"https:\/\/beachpleasemexico.com\/es\/upcoming-events-calendar\/","og_locale":"es_MX","og_type":"article","og_title":"Upcoming Local Events Calendar - Beach Please Mexico","og_url":"https:\/\/beachpleasemexico.com\/es\/upcoming-events-calendar\/","og_site_name":"Beach Please Mexico","article_publisher":"https:\/\/facebook.com\/beachpleasemexico","article_modified_time":"2021-03-19T23:24:02+00:00","og_image":[{"url":"https:\/\/beachpleasemexico.com\/wp-content\/uploads\/2020\/03\/refugio-de-lupita-bucerias-restaurant-1-1024x682.jpg","type":"","width":"","height":""}],"twitter_card":"summary_large_image","twitter_misc":{"Tiempo de lectura":"1 minuto"},"schema":{"@context":"https:\/\/schema.org","@graph":[{"@type":"WebPage","@id":"https:\/\/beachpleasemexico.com\/upcoming-events-calendar\/","url":"https:\/\/beachpleasemexico.com\/upcoming-events-calendar\/","name":"Calendario de pr\u00f3ximos eventos locales - Beach Please M\u00e9xico","isPartOf":{"@id":"https:\/\/beachpleasemexico.com\/#website"},"primaryImageOfPage":{"@id":"https:\/\/beachpleasemexico.com\/upcoming-events-calendar\/#primaryimage"},"image":{"@id":"https:\/\/beachpleasemexico.com\/upcoming-events-calendar\/#primaryimage"},"thumbnailUrl":"https:\/\/beachpleasemexico.com\/wp-content\/uploads\/2020\/03\/refugio-de-lupita-bucerias-restaurant-1-1024x682.jpg","datePublished":"2020-12-30T19:36:26+00:00","dateModified":"2021-03-19T23:24:02+00:00","breadcrumb":{"@id":"https:\/\/beachpleasemexico.com\/upcoming-events-calendar\/#breadcrumb"},"inLanguage":"es","potentialAction":[{"@type":"ReadAction","target":["https:\/\/beachpleasemexico.com\/upcoming-events-calendar\/"]}]},{"@type":"ImageObject","inLanguage":"es","@id":"https:\/\/beachpleasemexico.com\/upcoming-events-calendar\/#primaryimage","url":"https:\/\/beachpleasemexico.com\/wp-content\/uploads\/2020\/03\/refugio-de-lupita-bucerias-restaurant-1-1024x682.jpg","contentUrl":"https:\/\/beachpleasemexico.com\/wp-content\/uploads\/2020\/03\/refugio-de-lupita-bucerias-restaurant-1-1024x682.jpg"},{"@type":"BreadcrumbList","@id":"https:\/\/beachpleasemexico.com\/upcoming-events-calendar\/#breadcrumb","itemListElement":[{"@type":"ListItem","position":1,"name":"Home","item":"https:\/\/beachpleasemexico.com\/"},{"@type":"ListItem","position":2,"name":"Upcoming Local Events Calendar"}]},{"@type":"WebSite","@id":"https:\/\/beachpleasemexico.com\/#website","url":"https:\/\/beachpleasemexico.com\/","name":"Beach Please M\u00e9xico","description":"Renta de Condominios Vacacionales en Bucer\u00edas y Nuevo Vallarta","publisher":{"@id":"https:\/\/beachpleasemexico.com\/#organization"},"potentialAction":[{"@type":"SearchAction","target":{"@type":"EntryPoint","urlTemplate":"https:\/\/beachpleasemexico.com\/?s={search_term_string}"},"query-input":{"@type":"PropertyValueSpecification","valueRequired":true,"valueName":"search_term_string"}}],"inLanguage":"es"},{"@type":"Organization","@id":"https:\/\/beachpleasemexico.com\/#organization","name":"Beach Please M\u00e9xico","url":"https:\/\/beachpleasemexico.com\/","logo":{"@type":"ImageObject","inLanguage":"es","@id":"https:\/\/beachpleasemexico.com\/#\/schema\/logo\/image\/","url":"https:\/\/i1.wp.com\/beachpleasemexico.com\/wp-content\/uploads\/2020\/10\/Beach-Please-Mexico-logo-17-copy-640px-1.png?fit=561%2C469&ssl=1","contentUrl":"https:\/\/i1.wp.com\/beachpleasemexico.com\/wp-content\/uploads\/2020\/10\/Beach-Please-Mexico-logo-17-copy-640px-1.png?fit=561%2C469&ssl=1","width":561,"height":469,"caption":"Beach Please Mexico"},"image":{"@id":"https:\/\/beachpleasemexico.com\/#\/schema\/logo\/image\/"},"sameAs":["https:\/\/facebook.com\/beachpleasemexico","https:\/\/instagram.com\/beachpleasemexico"]}]}},"uagb_featured_image_src":{"full":false,"thumbnail":false,"medium":false,"medium_large":false,"large":false,"1536x1536":false,"2048x2048":false,"trp-custom-language-flag":false,"es-image-size-archive":false,"es-agent-size":false,"es-pdf-featured":false,"es-pdf-thumbnail":false,"gform-image-choice-sm":false,"gform-image-choice-md":false,"gform-image-choice-lg":false},"uagb_author_info":{"display_name":"ericrglez","author_link":"https:\/\/beachpleasemexico.com\/es\/author\/ericrglez\/"},"uagb_comment_info":0,"uagb_excerpt":null,"_links":{"self":[{"href":"https:\/\/beachpleasemexico.com\/es\/wp-json\/wp\/v2\/pages\/5156","targetHints":{"allow":["GET"]}}],"collection":[{"href":"https:\/\/beachpleasemexico.com\/es\/wp-json\/wp\/v2\/pages"}],"about":[{"href":"https:\/\/beachpleasemexico.com\/es\/wp-json\/wp\/v2\/types\/page"}],"author":[{"embeddable":true,"href":"https:\/\/beachpleasemexico.com\/es\/wp-json\/wp\/v2\/users\/1"}],"replies":[{"embeddable":true,"href":"https:\/\/beachpleasemexico.com\/es\/wp-json\/wp\/v2\/comments?post=5156"}],"version-history":[{"count":3,"href":"https:\/\/beachpleasemexico.com\/es\/wp-json\/wp\/v2\/pages\/5156\/revisions"}],"predecessor-version":[{"id":7062,"href":"https:\/\/beachpleasemexico.com\/es\/wp-json\/wp\/v2\/pages\/5156\/revisions\/7062"}],"wp:attachment":[{"href":"https:\/\/beachpleasemexico.com\/es\/wp-json\/wp\/v2\/media?parent=5156"}],"curies":[{"name":"wp","href":"https:\/\/api.w.org\/{rel}","templated":true}]}}